{"id":1490,"date":"2016-04-26T08:58:38","date_gmt":"2016-04-26T07:58:38","guid":{"rendered":"http:\/\/dentaltopdeca.es\/home"},"modified":"2020-02-26T16:08:00","modified_gmt":"2020-02-26T16:08:00","slug":"home","status":"publish","type":"page","link":"https:\/\/www.dentaltopdeca.es\/de\/","title":{"rendered":"Startseite"},"content":{"rendered":"<div class=\"wpb-content-wrapper\"><p>[vc_row type=&#8220;vc_default&#8220; full_width=&#8220;stretch_row&#8220; css=&#8220;.vc_custom_1462811653697{margin-top: -50px !important;}&#8220;][vc_column][rev_slider_vc alias=&#8220;slide_services&#8220;][\/vc_column][\/vc_row][vc_row equal_height=&#8220;yes&#8220; css=&#8220;.vc_custom_1486029158859{padding-top: 80px !important;padding-bottom: 0px !important;}&#8220;][vc_column width=&#8220;1\/6&#8243;][\/vc_column][vc_column width=&#8220;4\/6&#8243;][vc_empty_space height=&#8220;60px&#8220;]<div id=\"ultimate-heading-891169e442ac050e5\" class=\"uvc-heading ult-adjust-bottom-margin ultimate-heading-891169e442ac050e5 uvc-6645 \" data-hspacer=\"no_spacer\"  data-halign=\"center\" style=\"text-align:center\"><div class=\"uvc-heading-spacer no_spacer\" style=\"top\"><\/div><div class=\"uvc-main-heading ult-responsive\"  data-ultimate-target='.uvc-heading.ultimate-heading-891169e442ac050e5 h1'  data-responsive-json-new='{\"font-size\":\"\",\"line-height\":\"\"}' ><h1 style=\"font-weight:bold;\">Professionelle Vorteile<\/h1><\/div><div class=\"uvc-sub-heading ult-responsive\"  data-ultimate-target='.uvc-heading.ultimate-heading-891169e442ac050e5 .uvc-sub-heading '  data-responsive-json-new='{\"font-size\":\"desktop:18px;\",\"line-height\":\"desktop:28px;\"}'  style=\"font-weight:normal;color:#a8aaaf;margin-top:0px;margin-bottom:60px;\">Entdecken Sie die professionellen Vorteile<\/div><\/div>[\/vc_column][vc_column width=&#8220;1\/6&#8243;][\/vc_column][vc_column width=&#8220;1\/2&#8243;]<div class=\"aio-icon-component    style_1\"><div id=\"Info-box-wrap-3014\" class=\"aio-icon-box left-icon\" style=\"\"  ><div class=\"aio-icon-left\"><div class=\"ult-just-icon-wrapper  \"><div class=\"align-icon\" style=\"text-align:center;\">\n<div class=\"aio-icon none \"  style=\"color:#00bfd6;font-size:32px;display:inline-block;\">\n\t<i class=\"icomoon-free-social-contact-16x16-clock\"><\/i>\n<\/div><\/div><\/div><\/div><div class=\"aio-ibd-block\"><div class=\"aio-icon-header\" ><h3 class=\"aio-icon-title ult-responsive\"  data-ultimate-target='#Info-box-wrap-3014 .aio-icon-title'  data-responsive-json-new='{\"font-size\":\"\",\"line-height\":\"\"}'  style=\"\">Schnelligkeit<\/h3><\/div> <!-- header --><div class=\"aio-icon-description ult-responsive\"  data-ultimate-target='#Info-box-wrap-3014 .aio-icon-description'  data-responsive-json-new='{\"font-size\":\"\",\"line-height\":\"\"}'  style=\"\">Alle Auftr\u00e4ge werden mit derselben Schnelligkeit bearbeitet, jedoch haben dringende Auftr\u00e4ge h\u00f6chste Priorit\u00e4t und kein Detail wird \u00fcbersehen.<\/div> <!-- description --><\/div> <!-- aio-ibd-block --><\/div> <!-- aio-icon-box --><\/div> <!-- aio-icon-component -->[vc_empty_space height=&#8220;60px&#8220;][\/vc_column][vc_column width=&#8220;1\/2&#8243;]<div class=\"aio-icon-component    style_1\"><div id=\"Info-box-wrap-8497\" class=\"aio-icon-box left-icon\" style=\"\"  ><div class=\"aio-icon-left\"><div class=\"ult-just-icon-wrapper  \"><div class=\"align-icon\" style=\"text-align:center;\">\n<div class=\"aio-icon none \"  style=\"color:#00bfd6;font-size:32px;display:inline-block;\">\n\t<i class=\"icomoon-brankic-32x32-eyedropper\"><\/i>\n<\/div><\/div><\/div><\/div><div class=\"aio-ibd-block\"><div class=\"aio-icon-header\" ><h3 class=\"aio-icon-title ult-responsive\"  data-ultimate-target='#Info-box-wrap-8497 .aio-icon-title'  data-responsive-json-new='{\"font-size\":\"\",\"line-height\":\"\"}'  style=\"\">Wir betreuen Ihre Kunden<\/h3><\/div> <!-- header --><div class=\"aio-icon-description ult-responsive\"  data-ultimate-target='#Info-box-wrap-8497 .aio-icon-description'  data-responsive-json-new='{\"font-size\":\"\",\"line-height\":\"\"}'  style=\"\">Wir empfangen Ihre Kunden in unserem Labor, um mit absoluter Diskretion alle notwendingen Proben abzunehmen.<\/div> <!-- description --><\/div> <!-- aio-ibd-block --><\/div> <!-- aio-icon-box --><\/div> <!-- aio-icon-component -->[vc_empty_space height=&#8220;60px&#8220;][\/vc_column][\/vc_row][vc_row type=&#8220;1&#8243; full_height=&#8220;yes&#8220; full_width_row=&#8220;true&#8220; bg_type=&#8220;image&#8220; bg_override=&#8220;full&#8220;][vc_column][vc_empty_space height=&#8220;320px&#8220;][\/vc_column][\/vc_row][vc_row type=&#8220;vc_default&#8220; bg_type=&#8220;bg_color&#8220; bg_override=&#8220;full&#8220; css=&#8220;.vc_custom_1486035777144{padding-left: 30px !important;background-color: #00bfd6 !important;}&#8220; bg_color_value=&#8220;#00bfd6&#8243;][vc_column width=&#8220;2\/3&#8243;][vc_empty_space height=&#8220;100px&#8220;]<div id=\"ultimate-heading-222769e442ac05304\" class=\"uvc-heading ult-adjust-bottom-margin ultimate-heading-222769e442ac05304 uvc-6737 \" data-hspacer=\"no_spacer\"  data-halign=\"left\" style=\"text-align:left\"><div class=\"uvc-heading-spacer no_spacer\" style=\"top\"><\/div><div class=\"uvc-main-heading ult-responsive\"  data-ultimate-target='.uvc-heading.ultimate-heading-222769e442ac05304 h2'  data-responsive-json-new='{\"font-size\":\"\",\"line-height\":\"\"}' ><h2 style=\"font-weight:normal;color:#ffffff;margin-bottom:5px;\">Sind Sie bereit f\u00fcr die Perfektion?<\/h2><\/div><div class=\"uvc-sub-heading ult-responsive\"  data-ultimate-target='.uvc-heading.ultimate-heading-222769e442ac05304 .uvc-sub-heading '  data-responsive-json-new='{\"font-size\":\"\",\"line-height\":\"\"}'  style=\"font-weight:normal;color:#ffffff;\">Ihre Auftr\u00e4ge werden auf eine sehr efiziente Art und Weise verarbeitet, mit Ber\u00fccksichtigung auf den Qualit\u00e4tsparametern und der notwendigen Pr\u00e4zision.<\/div><\/div>[vc_empty_space height=&#8220;60px&#8220;]<style type=\"text\/css\">#dt-btn-1, #dt-btn-1 > .text-wrap * {color: #00bfd6;}#dt-btn-1:hover {color: #555759;background: #ffffff;}#dt-btn-1:hover > .text-wrap * {color: #555759;}<\/style><div class=\"text-centered\"><a href=\"http:\/\/dentaltopdeca.es\/contacto\" class=\"btn-shortcode dt-btn-m dt-btn light-bg-btn custom-btn-color custom-btn-hover-color default-btn-bg-color\" id=\"dt-btn-1\"><span>NEHMEN SIE JETZT KONTAKT AUF<\/span><\/a><\/div>[vc_empty_space][\/vc_column][vc_column width=&#8220;1\/3&#8243;][vc_single_image image=&#8220;1481&#8243; img_size=&#8220;large&#8220;][\/vc_column][\/vc_row][vc_row type=&#8220;3&#8243; css=&#8220;.vc_custom_1486033855768{background-color: #e8e8e8 !important;}&#8220;][vc_column][vc_empty_space height=&#8220;100px&#8220;]<div id=\"ultimate-heading-703669e442ac053a9\" class=\"uvc-heading ult-adjust-bottom-margin ultimate-heading-703669e442ac053a9 uvc-8412 \" data-hspacer=\"no_spacer\"  data-halign=\"center\" style=\"text-align:center\"><div class=\"uvc-heading-spacer no_spacer\" style=\"top\"><\/div><div class=\"uvc-main-heading ult-responsive\"  data-ultimate-target='.uvc-heading.ultimate-heading-703669e442ac053a9 h2'  data-responsive-json-new='{\"font-size\":\"\",\"line-height\":\"\"}' ><h2 style=\"font-weight:bold;margin-bottom:25px;\">Technologie und Innovation<\/h2><\/div><div class=\"uvc-sub-heading ult-responsive\"  data-ultimate-target='.uvc-heading.ultimate-heading-703669e442ac053a9 .uvc-sub-heading '  data-responsive-json-new='{\"font-size\":\"desktop:16px;\",\"line-height\":\"desktop:24px;\"}'  style=\"font-weight:normal;\">Bereits im Jahr 2005 waren wir die Pioniere, die einen neuen Weg auf der Protetik Herstellung beschritten haben, in dem wir in das CAD\/CAM Nobel Procera Forte investiert haben. Auch heute setzen wir auf Innovation, um f\u00fcr jeden Einzelfall das Beste bieten zu k\u00f6nnen.<\/div><\/div>[vc_empty_space height=&#8220;40px&#8220;][vc_empty_space height=&#8220;40px&#8220;]<div id=\"ultimate-heading-19969e442ac06307\" class=\"uvc-heading ult-adjust-bottom-margin ultimate-heading-19969e442ac06307 uvc-423 \" data-hspacer=\"no_spacer\"  data-halign=\"center\" style=\"text-align:center\"><div class=\"uvc-heading-spacer no_spacer\" style=\"top\"><\/div><div class=\"uvc-main-heading ult-responsive\"  data-ultimate-target='.uvc-heading.ultimate-heading-19969e442ac06307 h2'  data-responsive-json-new='{\"font-size\":\"\",\"line-height\":\"\"}' ><h2 style=\"font-weight:bold;color:#000000;\">Produkte mit hoher Qualit\u00e4t f\u00fcr genaue Ergebnisse <\/h2><\/div><div class=\"uvc-sub-heading ult-responsive\"  data-ultimate-target='.uvc-heading.ultimate-heading-19969e442ac06307 .uvc-sub-heading '  data-responsive-json-new='{\"font-size\":\"desktop:16px;\",\"line-height\":\"desktop:24px;\"}'  style=\"font-weight:normal;color:#555759;margin-top:20px;margin-bottom:60px;\">Bei Dental Topdeca sorgen wir f\u00fcr eine Zusammenarbeit mit den wichtigsten Marken der Zahnprothesen mit dem Ziel unseren Kunden und ihren Patienten die leistungsf\u00e4higsten und geeignesten\u00a0L\u00f6sungen f\u00fcr jeden Fall anzubieten.<\/div><\/div><style type=\"text\/css\">#dt-btn-2 {color: #ffffff;}#dt-btn-2 > .text-wrap * {color: #ffffff;}#dt-btn-2:hover {color: #555759;background: #ffffff;}#dt-btn-2:hover > .text-wrap * {color: #555759;}<\/style><div class=\"text-centered\"><a href=\"http:\/\/dentaltopdeca.es\/de\/galeria\/unsere-technolgie\/\" class=\"btn-shortcode dt-btn-l dt-btn custom-btn-color custom-btn-hover-color default-btn-bg-color\" id=\"dt-btn-2\"><span>Unsere Technologie<\/span><\/a><\/div>[vc_empty_space height=&#8220;40px&#8220;][\/vc_column][\/vc_row][vc_row type=&#8220;vc_default&#8220; equal_height=&#8220;yes&#8220; bg_type=&#8220;image&#8220; parallax_style=&#8220;vcpb-vz-jquery&#8220; bg_image_new=&#8220;id^1283|url^http:\/\/dentaltopdeca.es\/wp-content\/uploads\/2016\/10\/P1510430.jpg|caption^null|alt^null|title^p1510430|description^null&#8220; bg_image_repeat=&#8220;no-repeat&#8220; bg_override=&#8220;ex-full&#8220; css=&#8220;.vc_custom_1485535708194{padding-top: 80px !important;padding-right: 10px !important;padding-bottom: 80px !important;padding-left: 10px !important;}&#8220;][vc_column width=&#8220;1\/2&#8243; offset=&#8220;vc_col-lg-offset-0 vc_col-lg-3 vc_col-md-offset-1 vc_col-md-5 vc_col-sm-offset-0&#8243; css=&#8220;.vc_custom_1463508770318{margin-bottom: 30px !important;padding-top: 0px !important;padding-right: 15px !important;padding-bottom: 0px !important;padding-left: 15px !important;}&#8220;][vc_single_image image=&#8220;1450&#8243; img_size=&#8220;600&#215;600&#8243; alignment=&#8220;center&#8220; onclick=&#8220;custom_link&#8220; link=&#8220;http:\/\/dentaltopdeca.es\/de\/casos\/implantatarbeiten\/&#8220;]<div class=\"ult-content-box-container \" >\t<a class=\"ult-content-box-anchor\" href=\"http:\/\/dentaltopdeca.es\/de\/casos\/implantatarbeiten\/\" title=\"\" target=\"\" >\t\t<div class=\"ult-content-box\" style=\"background-color:#bdc492;box-shadow: px px px px #f7f7f7 none;padding-top:20px;padding-right:10px;padding-bottom:20px;padding-left:10px;-webkit-transition: all 700ms ease;-moz-transition: all 700ms ease;-ms-transition: all 700ms ease;-o-transition: all 700ms ease;transition: all 700ms ease;\"  data-hover_box_shadow=\"none\"     data-bg=\"#bdc492\" ><div id=\"ultimate-heading-469969e442ac064ac\" class=\"uvc-heading ult-adjust-bottom-margin ultimate-heading-469969e442ac064ac uvc-3863 \" data-hspacer=\"no_spacer\"  data-halign=\"center\" style=\"text-align:center\"><div class=\"uvc-heading-spacer no_spacer\" style=\"top\"><\/div><div class=\"uvc-main-heading ult-responsive\"  data-ultimate-target='.uvc-heading.ultimate-heading-469969e442ac064ac h5'  data-responsive-json-new='{\"font-size\":\"\",\"line-height\":\"\"}' ><h5 style=\"font-weight:normal;color:#ffffff;\">Implantate<\/h5><\/div><\/div>\t\t<\/div>\t<\/a><\/div>[\/vc_column][vc_column width=&#8220;1\/2&#8243; offset=&#8220;vc_col-lg-offset-0 vc_col-lg-3 vc_col-md-offset-0 vc_col-md-5 vc_col-sm-offset-0&#8243; css=&#8220;.vc_custom_1471436468021{margin-bottom: 30px !important;padding-top: 0px !important;padding-right: 15px !important;padding-bottom: 0px !important;padding-left: 15px !important;}&#8220;][vc_single_image image=&#8220;1451&#8243; img_size=&#8220;600&#215;600&#8243; alignment=&#8220;center&#8220; onclick=&#8220;custom_link&#8220; link=&#8220;http:\/\/dentaltopdeca.es\/de\/casos\/teleskope\/&#8220;]<div class=\"ult-content-box-container \" >\t<a class=\"ult-content-box-anchor\" href=\"http:\/\/dentaltopdeca.es\/de\/casos\/teleskope\/\" title=\"\" target=\"\" >\t\t<div class=\"ult-content-box\" style=\"background-color:#bdc492;box-shadow: px px px px #f7f7f7 none;padding-top:20px;padding-right:10px;padding-bottom:20px;padding-left:10px;-webkit-transition: all 700ms ease;-moz-transition: all 700ms ease;-ms-transition: all 700ms ease;-o-transition: all 700ms ease;transition: all 700ms ease;\"  data-hover_box_shadow=\"none\"     data-bg=\"#bdc492\" ><div id=\"ultimate-heading-972269e442ac06545\" class=\"uvc-heading ult-adjust-bottom-margin ultimate-heading-972269e442ac06545 uvc-4779 \" data-hspacer=\"no_spacer\"  data-halign=\"center\" style=\"text-align:center\"><div class=\"uvc-heading-spacer no_spacer\" style=\"top\"><\/div><div class=\"uvc-main-heading ult-responsive\"  data-ultimate-target='.uvc-heading.ultimate-heading-972269e442ac06545 h5'  data-responsive-json-new='{\"font-size\":\"\",\"line-height\":\"\"}' ><h5 style=\"font-weight:normal;color:#ffffff;\">Teleskoparbeiten<\/h5><\/div><\/div>\t\t<\/div>\t<\/a><\/div>[\/vc_column][vc_column width=&#8220;1\/2&#8243; offset=&#8220;vc_col-lg-offset-0 vc_col-lg-3 vc_col-md-offset-1 vc_col-md-5&#8243; css=&#8220;.vc_custom_1463508833705{margin-top: 0px !important;margin-right: 0px !important;margin-bottom: 30px !important;margin-left: 0px !important;padding-top: 0px !important;padding-right: 15px !important;padding-bottom: 0px !important;padding-left: 15px !important;}&#8220;][vc_single_image image=&#8220;1454&#8243; img_size=&#8220;600&#215;600&#8243; alignment=&#8220;center&#8220; onclick=&#8220;custom_link&#8220; link=&#8220;http:\/\/dentaltopdeca.es\/de\/casos\/gefraeste-stege\/&#8220;]<div class=\"ult-content-box-container \" >\t<a class=\"ult-content-box-anchor\" href=\"http:\/\/dentaltopdeca.es\/de\/casos\/gefraeste-stege\/\" title=\"\" target=\"\" >\t\t<div class=\"ult-content-box\" style=\"background-color:#bdc492;box-shadow: px px px px #f7f7f7 none;padding-top:20px;padding-right:10px;padding-bottom:20px;padding-left:10px;-webkit-transition: all 700ms ease;-moz-transition: all 700ms ease;-ms-transition: all 700ms ease;-o-transition: all 700ms ease;transition: all 700ms ease;\"  data-hover_box_shadow=\"none\"     data-bg=\"#bdc492\" ><div id=\"ultimate-heading-842469e442ac065c0\" class=\"uvc-heading ult-adjust-bottom-margin ultimate-heading-842469e442ac065c0 uvc-7826 \" data-hspacer=\"no_spacer\"  data-halign=\"center\" style=\"text-align:center\"><div class=\"uvc-heading-spacer no_spacer\" style=\"top\"><\/div><div class=\"uvc-main-heading ult-responsive\"  data-ultimate-target='.uvc-heading.ultimate-heading-842469e442ac065c0 h5'  data-responsive-json-new='{\"font-size\":\"\",\"line-height\":\"\"}' ><h5 style=\"font-weight:normal;color:#ffffff;\">Gefr\u00e4ste Stege<\/h5><\/div><\/div>\t\t<\/div>\t<\/a><\/div>[\/vc_column][vc_column width=&#8220;1\/2&#8243; offset=&#8220;vc_col-lg-offset-0 vc_col-lg-3 vc_col-md-offset-0 vc_col-md-5 vc_col-sm-offset-0&#8243; css=&#8220;.vc_custom_1463508849418{margin-top: 0px !important;margin-right: 0px !important;margin-bottom: 30px !important;margin-left: 0px !important;padding-top: 0px !important;padding-right: 15px !important;padding-bottom: 0px !important;padding-left: 15px !important;}&#8220;][vc_single_image image=&#8220;1276&#8243; img_size=&#8220;600&#215;600&#8243; alignment=&#8220;center&#8220; onclick=&#8220;custom_link&#8220; link=&#8220;http:\/\/dentaltopdeca.es\/de\/casos\/festsitzender-zahnersatz\/&#8220;]<div class=\"ult-content-box-container \" >\t<a class=\"ult-content-box-anchor\" href=\"http:\/\/dentaltopdeca.es\/de\/casos\/festsitzender-zahnersatz\/\" title=\"\" target=\"\" >\t\t<div class=\"ult-content-box\" style=\"background-color:#bdc492;box-shadow: px px px px #f7f7f7 none;padding-top:20px;padding-right:10px;padding-bottom:20px;padding-left:10px;-webkit-transition: all 700ms ease;-moz-transition: all 700ms ease;-ms-transition: all 700ms ease;-o-transition: all 700ms ease;transition: all 700ms ease;\"  data-hover_box_shadow=\"none\"     data-bg=\"#bdc492\" ><div id=\"ultimate-heading-9869e442ac06639\" class=\"uvc-heading ult-adjust-bottom-margin ultimate-heading-9869e442ac06639 uvc-9123 \" data-hspacer=\"no_spacer\"  data-halign=\"center\" style=\"text-align:center\"><div class=\"uvc-heading-spacer no_spacer\" style=\"top\"><\/div><div class=\"uvc-main-heading ult-responsive\"  data-ultimate-target='.uvc-heading.ultimate-heading-9869e442ac06639 h5'  data-responsive-json-new='{\"font-size\":\"\",\"line-height\":\"\"}' ><h5 style=\"font-weight:normal;color:#ffffff;\">Festsitzender Zahnersatz<\/h5><\/div><\/div>\t\t<\/div>\t<\/a><\/div>[\/vc_column][vc_column css=&#8220;.vc_custom_1462829104565{padding-top: 20px !important;}&#8220;]<div class=\"text-centered\"><a href=\"http:\/\/dentaltopdeca.es\/de\/produkte\/\" class=\"btn-shortcode dt-btn-m dt-btn default-btn-color default-btn-hover-color default-btn-bg-color default-btn-bg-hover-color\" id=\"dt-btn-3\"><span>ENTDECKEN SIE ALLE UNSERE PRODUKTE<\/span><\/a><\/div>[\/vc_column][\/vc_row][vc_row][vc_column][vc_empty_space]<div class=\"dt-fancy-separator\" style=\"width: 100%;\"><div class=\"dt-fancy-title\"><span class=\"separator-holder separator-left\"><\/span>Wir arbeiten mit<span class=\"separator-holder separator-right\"><\/span><\/div><\/div>[vc_empty_space height=&#8220;22px&#8220;][\/vc_column][\/vc_row]<\/p>\n<\/div>","protected":false},"excerpt":{"rendered":"<p>[vc_row type=&#8220;vc_default&#8220; full_width=&#8220;stretch_row&#8220; css=&#8220;.vc_custom_1462811653697{margin-top: -50px !important;}&#8220;][vc_column][rev_slider_vc alias=&#8220;slide_services&#8220;][\/vc_column][\/vc_row][vc_row equal_height=&#8220;yes&#8220; css=&#8220;.vc_custom_1486029158859{padding-top: 80px !important;padding-bottom: 0px !important;}&#8220;][vc_column width=&#8220;1\/6&#8243;][\/vc_column][vc_column width=&#8220;4\/6&#8243;][vc_empty_space height=&#8220;60px&#8220;][\/vc_column][vc_column width=&#8220;1\/6&#8243;][\/vc_column][vc_column width=&#8220;1\/2&#8243;][vc_empty_space height=&#8220;60px&#8220;][\/vc_column][vc_column width=&#8220;1\/2&#8243;][vc_empty_space height=&#8220;60px&#8220;][\/vc_column][\/vc_row][vc_row type=&#8220;1&#8243; full_height=&#8220;yes&#8220; full_width_row=&#8220;true&#8220; bg_type=&#8220;image&#8220; bg_override=&#8220;full&#8220;][vc_column][vc_empty_space height=&#8220;320px&#8220;][\/vc_column][\/vc_row][vc_row type=&#8220;vc_default&#8220; bg_type=&#8220;bg_color&#8220; bg_override=&#8220;full&#8220; css=&#8220;.vc_custom_1486035777144{padding-left: 30px !important;background-color: #00bfd6 !important;}&#8220; bg_color_value=&#8220;#00bfd6&#8243;][vc_column width=&#8220;2\/3&#8243;][vc_empty_space height=&#8220;100px&#8220;][vc_empty_space height=&#8220;60px&#8220;][vc_empty_space][\/vc_column][vc_column width=&#8220;1\/3&#8243;][vc_single_image image=&#8220;1481&#8243; img_size=&#8220;large&#8220;][\/vc_column][\/vc_row][vc_row type=&#8220;3&#8243; css=&#8220;.vc_custom_1486033855768{background-color: #e8e8e8 !important;}&#8220;][vc_column][vc_empty_space height=&#8220;100px&#8220;][vc_empty_space height=&#8220;40px&#8220;][vc_empty_space height=&#8220;40px&#8220;][vc_empty_space height=&#8220;40px&#8220;][\/vc_column][\/vc_row][vc_row type=&#8220;vc_default&#8220; equal_height=&#8220;yes&#8220; bg_type=&#8220;image&#8220; parallax_style=&#8220;vcpb-vz-jquery&#8220; bg_image_new=&#8220;id^1283|url^http:\/\/dentaltopdeca.es\/wp-content\/uploads\/2016\/10\/P1510430.jpg|caption^null|alt^null|title^p1510430|description^null&#8220;&hellip;<\/p>\n","protected":false},"author":5,"featured_media":0,"parent":0,"menu_order":0,"comment_status":"closed","ping_status":"closed","template":"","meta":[],"class_list":["post-1490","page","type-page","status-publish","hentry","description-off"],"_links":{"self":[{"href":"https:\/\/www.dentaltopdeca.es\/de\/wp-json\/wp\/v2\/pages\/1490"}],"collection":[{"href":"https:\/\/www.dentaltopdeca.es\/de\/wp-json\/wp\/v2\/pages"}],"about":[{"href":"https:\/\/www.dentaltopdeca.es\/de\/wp-json\/wp\/v2\/types\/page"}],"author":[{"embeddable":true,"href":"https:\/\/www.dentaltopdeca.es\/de\/wp-json\/wp\/v2\/users\/5"}],"replies":[{"embeddable":true,"href":"https:\/\/www.dentaltopdeca.es\/de\/wp-json\/wp\/v2\/comments?post=1490"}],"version-history":[{"count":13,"href":"https:\/\/www.dentaltopdeca.es\/de\/wp-json\/wp\/v2\/pages\/1490\/revisions"}],"predecessor-version":[{"id":1836,"href":"https:\/\/www.dentaltopdeca.es\/de\/wp-json\/wp\/v2\/pages\/1490\/revisions\/1836"}],"wp:attachment":[{"href":"https:\/\/www.dentaltopdeca.es\/de\/wp-json\/wp\/v2\/media?parent=1490"}],"curies":[{"name":"wp","href":"https:\/\/api.w.org\/{rel}","templated":true}]}}