{"id":1665,"date":"2016-04-28T17:26:34","date_gmt":"2016-04-28T16:26:34","guid":{"rendered":"http:\/\/dentaltopdeca.es\/laboratorio\/"},"modified":"2017-03-26T14:59:56","modified_gmt":"2017-03-26T13:59:56","slug":"labor","status":"publish","type":"page","link":"https:\/\/www.dentaltopdeca.es\/de\/labor\/","title":{"rendered":"Labor"},"content":{"rendered":"<div class=\"wpb-content-wrapper\"><p>[vc_row type=&#8220;vc_default&#8220; css=&#8220;.vc_custom_1463570953565{margin-top: -50px !important;padding-top: 90px !important;padding-bottom: 70px !important;}&#8220;][vc_column width=&#8220;1\/2&#8243;][vc_row_inner][vc_column_inner offset=&#8220;vc_hidden-lg vc_hidden-md vc_hidden-sm vc_col-xs-12&#8243;][vc_single_image image=&#8220;1054&#8243; img_size=&#8220;1200&#215;900&#8243; css=&#8220;.vc_custom_1477678367104{margin-bottom: 30px !important;}&#8220;][\/vc_column_inner][\/vc_row_inner]<div id=\"ultimate-heading-683669e4597a96649\" class=\"uvc-heading ult-adjust-bottom-margin ultimate-heading-683669e4597a96649 uvc-7457 \" data-hspacer=\"no_spacer\"  data-halign=\"left\" style=\"text-align:left\"><div class=\"uvc-heading-spacer no_spacer\" style=\"top\"><\/div><div class=\"uvc-main-heading ult-responsive\"  data-ultimate-target='.uvc-heading.ultimate-heading-683669e4597a96649 h2'  data-responsive-json-new='{\"font-size\":\"\",\"line-height\":\"\"}' ><h2 style=\"font-weight:bold;margin-bottom:20px;\">Dental Labor ''Dental Topdeca''<\/h2><\/div><\/div>[vc_column_text css=&#8220;.vc_custom_1489590164215{margin-bottom: 30px !important;}&#8220;]Das Dental Labor \u2018\u2019Dental Topdeca\u2019\u2019 wurde im Jahr 2003 in Santa Cruz de Tenerife vom Meister Thomas Oppold Ohmayer gegr\u00fcndet. Das Labor liegt am Stadtrand der Hauptstadt von Teneriffa in einer ger\u00e4umigen und modernen Einrichtung.<\/p>\n<p>Wir sind ein Zahnprothesen Labor spezialisiert auf die Produktion von festsitzendem Zahnersatz \u00fcber Stumpf und auf Implantate. Unser Ziel ist es, hoch qualifizierte L\u00f6sungen in Bezug auf Funktion und \u00c4sthetik anzubieten.<\/p>\n<p>Die Verkn\u00fcpfung von hochtechnologischen Systemen mit neusten Materialien und einem professionellen und motivierten Team, das st\u00e4ndiger Fortbildung unterliegt, haben wir eine sehr leistungsf\u00e4hige und befriedigende Art der Herstellung der Zahnprothesen erschaffen.[\/vc_column_text]<a href=\"#\" class=\"btn-shortcode dt-btn-m dt-btn default-btn-color default-btn-hover-color default-btn-bg-color default-btn-bg-hover-color btn-margin-right btn-margin\" id=\"dt-btn-1\"><span>KONTAKT<\/span><\/a><a href=\"#\" class=\"btn-shortcode dt-btn-m dt-btn default-btn-color default-btn-hover-color default-btn-bg-color default-btn-bg-hover-color btn-margin-left btn-margin\" id=\"dt-btn-2\"><span>Mehr lesen<\/span><\/a>[\/vc_column][vc_column width=&#8220;1\/2&#8243; css=&#8220;.vc_custom_1462364690314{margin-bottom: 25px !important;}&#8220; offset=&#8220;vc_hidden-xs&#8220;][vc_single_image image=&#8220;1555&#8243; img_size=&#8220;1200&#215;900&#8243;][\/vc_column][\/vc_row][vc_row type=&#8220;vc_default&#8220; full_width=&#8220;stretch_row&#8220; css=&#8220;.vc_custom_1461943602049{padding-top: 50px !important;background-color: #f4f4f4 !important;}&#8220;][vc_column css=&#8220;.vc_custom_1463570707643{margin-top: 50px !important;margin-bottom: 100px !important;}&#8220; offset=&#8220;vc_col-lg-8 vc_col-md-7&#8243;]<div id=\"ultimate-heading-734369e4597a96701\" class=\"uvc-heading ult-adjust-bottom-margin ultimate-heading-734369e4597a96701 uvc-2802 \" data-hspacer=\"no_spacer\"  data-halign=\"left\" style=\"text-align:left\"><div class=\"uvc-heading-spacer no_spacer\" style=\"top\"><\/div><div class=\"uvc-main-heading ult-responsive\"  data-ultimate-target='.uvc-heading.ultimate-heading-734369e4597a96701 h4'  data-responsive-json-new='{\"font-size\":\"\",\"line-height\":\"\"}' ><h4 style=\"font-weight:normal;margin-bottom:10px;\">Thomas Oppold<\/h4><\/div><div class=\"uvc-sub-heading ult-responsive\"  data-ultimate-target='.uvc-heading.ultimate-heading-734369e4597a96701 .uvc-sub-heading '  data-responsive-json-new='{\"font-size\":\"\",\"line-height\":\"\"}'  style=\"font-weight:normal;\">Director de Topdeca<\/div><\/div>[vc_column_text]Dental Topdeca wird von Thomas Oppold Ohmayer geleitet, der in Deutschland eine Ausbildung zum Zahntechnikermeister gemacht hat und \u00fcber 10 Jahre seinen eigenen Betrieb f\u00fchrte, bevor er nach Teneriffa zog. Somit kann er auf eine 30-j\u00e4hrige Erfahrung zur\u00fcckblicken, die ihren Anfang 1986 in Kursen mit den Doktoren Ackermann und Kirsch nahm.<\/p>\n<p>Thomas Oppold verf\u00fcgt \u00fcber gro\u00dfe Erfahrung begleitet von einer Unruhe immer offen und aufmerksam f\u00fcr Erneuerungen bez\u00fcglich neuer Techniken, Materialien und Technologien zu sein.<\/p>\n<p>Ihn begleitet ein Team von Zahntechnikern hohen Niveaus, welche fortw\u00e4hrend Fortbildungen erhalten. Sein Team hebt sich vor allem dadurch hervor, dass es unter seiner F\u00fchrung permanent bestrebt ist seine Arbeit zu perfektionieren, was sich auf die Zusammenarbeit mit unseren Kunden und deren Patienten auswirkt, vor allem im Hinblick auf eine individuelle und pers\u00f6nlich abgestimmte \u00fcberdurchschnittliche Qualit\u00e4t.[\/vc_column_text][\/vc_column][vc_column offset=&#8220;vc_col-lg-4 vc_col-md-5&#8243;][vc_empty_space height=&#8220;52px&#8220;][vc_single_image image=&#8220;1438&#8243; img_size=&#8220;300&#215;400&#8243; alignment=&#8220;center&#8220; css=&#8220;.vc_custom_1485533130208{margin-bottom: -250px !important;}&#8220;][\/vc_column][\/vc_row][vc_row type=&#8220;vc_default&#8220; gap=&#8220;35&#8243; equal_height=&#8220;yes&#8220; bg_type=&#8220;bg_color&#8220; bg_override=&#8220;ex-full&#8220; css=&#8220;.vc_custom_1463571089985{margin-bottom: -50px !important;padding-top: 60px !important;padding-right: 25px !important;padding-bottom: 80px !important;padding-left: 25px !important;}&#8220; bg_color_value=&#8220;#ffffff&#8220;][vc_column width=&#8220;1\/6&#8243; offset=&#8220;vc_hidden-xs&#8220;][\/vc_column][vc_column width=&#8220;4\/6&#8243; css=&#8220;.vc_custom_1461848776706{border-radius: 1px !important;}&#8220;]<div id=\"ultimate-heading-387369e4597a96722\" class=\"uvc-heading ult-adjust-bottom-margin ultimate-heading-387369e4597a96722 uvc-8489 \" data-hspacer=\"no_spacer\"  data-halign=\"center\" style=\"text-align:center\"><div class=\"uvc-heading-spacer no_spacer\" style=\"top\"><\/div><div class=\"uvc-main-heading ult-responsive\"  data-ultimate-target='.uvc-heading.ultimate-heading-387369e4597a96722 h1'  data-responsive-json-new='{\"font-size\":\"\",\"line-height\":\"\"}' ><h1 style=\"font-weight:bold;\">Technologie<\/h1><\/div><div class=\"uvc-sub-heading ult-responsive\"  data-ultimate-target='.uvc-heading.ultimate-heading-387369e4597a96722 .uvc-sub-heading '  data-responsive-json-new='{\"font-size\":\"desktop:18px;\",\"line-height\":\"desktop:28px;\"}'  style=\"font-weight:normal;color:#9a9a9a;margin-top:20px;margin-bottom:30px;\">Der Einsatz innovativer Technik wie CAD\/CAM Systeme der Marke Nobel Biocare und Straumann, und Markenungebundener Fr\u00e4szentren in ganz Europa hat uns erm\u00f6glicht uns des groben Anteils der Herstellung von Zahnersatz zu entledigen. Damit gewinnt unser Team mehr Zeit um seine Kreativit\u00e4t zu entfalten und um sich auf \u00c4sthetik zu konzentrieren. Au\u00dferdem haben wir dergestalt mehr Zeit f\u00fcr eine erfolgreiche Planung und einen pers\u00f6nlichen Service zum Nutzen unserer Kunden und deren Patienten.<\/div><\/div>[\/vc_column][vc_column width=&#8220;1\/6&#8243; offset=&#8220;vc_hidden-xs&#8220;][\/vc_column][vc_column width=&#8220;2\/3&#8243; offset=&#8220;vc_col-lg-offset-0 vc_col-lg-4 vc_col-md-offset-0 vc_col-md-4 vc_col-sm-offset-2 vc_col-xs-12&#8243; css=&#8220;.vc_custom_1463571148731{margin-bottom: 0px !important;padding-top: 0px !important;padding-right: 0px !important;padding-bottom: 0px !important;padding-left: 0px !important;background-color: #f4f4f4 !important;}&#8220;][vc_single_image image=&#8220;1248&#8243; img_size=&#8220;1000&#215;550&#8243; onclick=&#8220;custom_link&#8220; link=&#8220;#&#8220;]<div class=\"ult-content-box-container \" >\t\t<div class=\"ult-content-box\" style=\"box-shadow: px px px px #f7f7f7 none;padding-top:30px;padding-right:30px;padding-bottom:20px;padding-left:30px;-webkit-transition: all 700ms ease;-moz-transition: all 700ms ease;-ms-transition: all 700ms ease;-o-transition: all 700ms ease;transition: all 700ms ease;\"  data-hover_box_shadow=\"none\"    >[vc_column_text css=&#8220;.vc_custom_1490536743781{margin-bottom: 22px !important;}&#8220;]CAD\/CAM System<\/p>\n<p>Scanner mit CAD\/CAM Technologie<\/p>\n<p>Front aussicht des Nobel Procera 2G Scanners mit Modell[\/vc_column_text]<a href=\"#\" class=\"btn-shortcode dt-btn-s dt-btn default-btn-color default-btn-hover-color default-btn-bg-color default-btn-bg-hover-color\" id=\"dt-btn-3\"><span>Mehr sehen<\/span><\/a>\t\t<\/div><\/div>[\/vc_column][vc_column width=&#8220;2\/3&#8243; offset=&#8220;vc_col-lg-offset-0 vc_col-lg-4 vc_col-md-offset-0 vc_col-md-4 vc_col-sm-offset-2 vc_col-xs-12&#8243; css=&#8220;.vc_custom_1463571162292{padding-top: 0px !important;padding-right: 0px !important;padding-bottom: 0px !important;padding-left: 0px !important;background-color: #f4f4f4 !important;}&#8220;][vc_single_image image=&#8220;1247&#8243; img_size=&#8220;1000&#215;550&#8243; onclick=&#8220;custom_link&#8220; link=&#8220;#&#8220;]<div class=\"ult-content-box-container \" >\t\t<div class=\"ult-content-box\" style=\"box-shadow: px px px px #f7f7f7 none;padding-top:30px;padding-right:30px;padding-bottom:20px;padding-left:30px;-webkit-transition: all 700ms ease;-moz-transition: all 700ms ease;-ms-transition: all 700ms ease;-o-transition: all 700ms ease;transition: all 700ms ease;\"  data-hover_box_shadow=\"none\"    >[vc_column_text css=&#8220;.vc_custom_1490536764930{margin-bottom: 22px !important;}&#8220;]Dentalwings Software<\/p>\n<p>Straumanntechnologie<\/p>\n<p>Virtuelle Gestaltung aller m\u00f6glicher Ger\u00fcste. Offenes System mit Zugang zu vielz\u00e4hligen Fr\u00e4szentren.[\/vc_column_text]<a href=\"#\" class=\"btn-shortcode dt-btn-s dt-btn default-btn-color default-btn-hover-color default-btn-bg-color default-btn-bg-hover-color\" id=\"dt-btn-4\"><span>Mehr sehen<\/span><\/a>\t\t<\/div><\/div>[\/vc_column][vc_column width=&#8220;2\/3&#8243; offset=&#8220;vc_col-lg-offset-0 vc_col-lg-4 vc_col-md-offset-0 vc_col-md-4 vc_col-sm-offset-2 vc_col-xs-12&#8243; css=&#8220;.vc_custom_1463571178308{padding-top: 0px !important;padding-right: 0px !important;padding-bottom: 0px !important;padding-left: 0px !important;background-color: #f4f4f4 !important;}&#8220;][vc_single_image image=&#8220;1228&#8243; img_size=&#8220;1000&#215;550&#8243; onclick=&#8220;custom_link&#8220; link=&#8220;#&#8220;]<div class=\"ult-content-box-container \" >\t\t<div class=\"ult-content-box\" style=\"box-shadow: px px px px #f7f7f7 none;padding-top:30px;padding-right:30px;padding-bottom:20px;padding-left:30px;-webkit-transition: all 700ms ease;-moz-transition: all 700ms ease;-ms-transition: all 700ms ease;-o-transition: all 700ms ease;transition: all 700ms ease;\"  data-hover_box_shadow=\"none\"    >[vc_column_text css=&#8220;.vc_custom_1490536783159{margin-bottom: 22px !important;}&#8220;]Liziumdislikat<\/p>\n<p>Neue Generation von Keramikmaterial<\/p>\n<p>Liziumdislikat der Firma Ivoclar gepresst oder gefr\u00e4st erm\u00f6glicht die Fertigung von Zahnersatz von h\u00f6chstem \u00e4sthetischem Anspruch.[\/vc_column_text]<a href=\"#\" class=\"btn-shortcode dt-btn-s dt-btn default-btn-color default-btn-hover-color default-btn-bg-color default-btn-bg-hover-color\" id=\"dt-btn-5\"><span>Mehr sehen<\/span><\/a>\t\t<\/div><\/div>[\/vc_column][\/vc_row]<\/p>\n<\/div>","protected":false},"excerpt":{"rendered":"<p>[vc_row type=&#8220;vc_default&#8220; css=&#8220;.vc_custom_1463570953565{margin-top: -50px !important;padding-top: 90px !important;padding-bottom: 70px !important;}&#8220;][vc_column width=&#8220;1\/2&#8243;][vc_row_inner][vc_column_inner offset=&#8220;vc_hidden-lg vc_hidden-md vc_hidden-sm vc_col-xs-12&#8243;][vc_single_image image=&#8220;1054&#8243; img_size=&#8220;1200&#215;900&#8243; css=&#8220;.vc_custom_1477678367104{margin-bottom: 30px !important;}&#8220;][\/vc_column_inner][\/vc_row_inner][vc_column_text css=&#8220;.vc_custom_1489590164215{margin-bottom: 30px !important;}&#8220;]Das Dental Labor \u2018\u2019Dental Topdeca\u2019\u2019 wurde im Jahr 2003 in Santa Cruz de Tenerife vom Meister Thomas Oppold Ohmayer gegr\u00fcndet. Das Labor liegt am Stadtrand der Hauptstadt von Teneriffa in einer ger\u00e4umigen und modernen&hellip;<\/p>\n","protected":false},"author":5,"featured_media":0,"parent":0,"menu_order":1,"comment_status":"closed","ping_status":"closed","template":"","meta":[],"class_list":["post-1665","page","type-page","status-publish","hentry","description-off"],"_links":{"self":[{"href":"https:\/\/www.dentaltopdeca.es\/de\/wp-json\/wp\/v2\/pages\/1665"}],"collection":[{"href":"https:\/\/www.dentaltopdeca.es\/de\/wp-json\/wp\/v2\/pages"}],"about":[{"href":"https:\/\/www.dentaltopdeca.es\/de\/wp-json\/wp\/v2\/types\/page"}],"author":[{"embeddable":true,"href":"https:\/\/www.dentaltopdeca.es\/de\/wp-json\/wp\/v2\/users\/5"}],"replies":[{"embeddable":true,"href":"https:\/\/www.dentaltopdeca.es\/de\/wp-json\/wp\/v2\/comments?post=1665"}],"version-history":[{"count":6,"href":"https:\/\/www.dentaltopdeca.es\/de\/wp-json\/wp\/v2\/pages\/1665\/revisions"}],"predecessor-version":[{"id":1786,"href":"https:\/\/www.dentaltopdeca.es\/de\/wp-json\/wp\/v2\/pages\/1665\/revisions\/1786"}],"wp:attachment":[{"href":"https:\/\/www.dentaltopdeca.es\/de\/wp-json\/wp\/v2\/media?parent=1665"}],"curies":[{"name":"wp","href":"https:\/\/api.w.org\/{rel}","templated":true}]}}