{"id":1667,"date":"2016-05-03T18:45:13","date_gmt":"2016-05-03T17:45:13","guid":{"rendered":"http:\/\/dentaltopdeca.es\/servicios\/"},"modified":"2020-02-26T16:06:04","modified_gmt":"2020-02-26T16:06:04","slug":"dienstleistungen","status":"publish","type":"page","link":"https:\/\/www.dentaltopdeca.es\/de\/dienstleistungen\/","title":{"rendered":"Dienstleistungen"},"content":{"rendered":"<div class=\"wpb-content-wrapper\"><p>[vc_row type=&#8220;vc_default&#8220; gap=&#8220;30&#8243; equal_height=&#8220;yes&#8220; el_class=&#8220;custom-columns-gap&#8220; css=&#8220;.vc_custom_1463573106999{padding-top: 15px !important;padding-right: 25px !important;padding-bottom: 15px !important;padding-left: 25px !important;}&#8220;][vc_column width=&#8220;1\/2&#8243; offset=&#8220;vc_col-lg-4 vc_col-md-6 vc_col-xs-12&#8243; css=&#8220;.vc_custom_1462348227317{padding-top: 0px !important;padding-right: 0px !important;padding-bottom: 0px !important;padding-left: 0px !important;background-color: #f4f4f4 !important;}&#8220;][vc_single_image image=&#8220;1272&#8243; img_size=&#8220;1000&#215;550&#8243; onclick=&#8220;custom_link&#8220; link=&#8220;#&#8220;]<div class=\"ult-content-box-container \" >\t\t<div class=\"ult-content-box\" style=\"box-shadow: px px px px #f7f7f7 none;padding-top:30px;padding-right:30px;padding-bottom:20px;padding-left:30px;-webkit-transition: all 700ms ease;-moz-transition: all 700ms ease;-ms-transition: all 700ms ease;-o-transition: all 700ms ease;transition: all 700ms ease;\"  data-hover_box_shadow=\"none\"    ><div id=\"ultimate-heading-42469e459799b175\" class=\"uvc-heading ult-adjust-bottom-margin ultimate-heading-42469e459799b175 uvc-9856 \" data-hspacer=\"no_spacer\"  data-halign=\"left\" style=\"text-align:left\"><div class=\"uvc-heading-spacer no_spacer\" style=\"top\"><\/div><div class=\"uvc-main-heading ult-responsive\"  data-ultimate-target='.uvc-heading.ultimate-heading-42469e459799b175 h2'  data-responsive-json-new='{\"font-size\":\"desktop:20px;\",\"line-height\":\"desktop:26px;\"}' ><h2 style=\"font-weight:bold;margin-bottom:15px;\">Farbabnahmen<\/h2><\/div><\/div>[vc_column_text css=&#8220;.vc_custom_1489590707331{margin-bottom: 22px !important;}&#8220;]Wir bieten den Kliniken Farbabnahmen der Z\u00e4hne der Patienten in unserem Labor an um eine h\u00f6here \u00c4sthetik zu erreichen. Die Rohbrandeinprobe wird im Labor durchgef\u00fchrt um durch individuelles Bemalen letztlich dem Patienten die optimale Endl\u00f6sung anbieten zu k\u00f6nnen.[\/vc_column_text]\t\t<\/div><\/div>[\/vc_column][vc_column width=&#8220;1\/2&#8243; offset=&#8220;vc_col-lg-4 vc_col-md-6 vc_col-xs-12&#8243; css=&#8220;.vc_custom_1462348233869{padding-top: 0px !important;padding-right: 0px !important;padding-bottom: 0px !important;padding-left: 0px !important;background-color: #f4f4f4 !important;}&#8220;][vc_single_image image=&#8220;1270&#8243; img_size=&#8220;1000&#215;550&#8243; onclick=&#8220;custom_link&#8220; link=&#8220;#&#8220;]<div class=\"ult-content-box-container \" >\t\t<div class=\"ult-content-box\" style=\"box-shadow: px px px px #f7f7f7 none;padding-top:30px;padding-right:30px;padding-bottom:20px;padding-left:30px;-webkit-transition: all 700ms ease;-moz-transition: all 700ms ease;-ms-transition: all 700ms ease;-o-transition: all 700ms ease;transition: all 700ms ease;\"  data-hover_box_shadow=\"none\"    ><div id=\"ultimate-heading-263869e459799b1f1\" class=\"uvc-heading ult-adjust-bottom-margin ultimate-heading-263869e459799b1f1 uvc-3061 \" data-hspacer=\"no_spacer\"  data-halign=\"left\" style=\"text-align:left\"><div class=\"uvc-heading-spacer no_spacer\" style=\"top\"><\/div><div class=\"uvc-main-heading ult-responsive\"  data-ultimate-target='.uvc-heading.ultimate-heading-263869e459799b1f1 h2'  data-responsive-json-new='{\"font-size\":\"desktop:20px;\",\"line-height\":\"desktop:26px;\"}' ><h2 style=\"font-weight:bold;margin-bottom:12px;\">Asistencia en Cl\u00ednica<\/h2><\/div><\/div>[vc_column_text css=&#8220;.vc_custom_1489590750702{margin-bottom: 22px !important;}&#8220;]Wir planen komplexe F\u00e4lle mit den Patienten und dem Behandler direkt in der Praxis um dem Patienten schneller und einfacher entgegen zu kommen.[\/vc_column_text]\t\t<\/div><\/div>[\/vc_column][\/vc_row]<\/p>\n<\/div>","protected":false},"excerpt":{"rendered":"<p>[vc_row type=&#8220;vc_default&#8220; gap=&#8220;30&#8243; equal_height=&#8220;yes&#8220; el_class=&#8220;custom-columns-gap&#8220; css=&#8220;.vc_custom_1463573106999{padding-top: 15px !important;padding-right: 25px !important;padding-bottom: 15px !important;padding-left: 25px !important;}&#8220;][vc_column width=&#8220;1\/2&#8243; offset=&#8220;vc_col-lg-4 vc_col-md-6 vc_col-xs-12&#8243; css=&#8220;.vc_custom_1462348227317{padding-top: 0px !important;padding-right: 0px !important;padding-bottom: 0px !important;padding-left: 0px !important;background-color: #f4f4f4 !important;}&#8220;][vc_single_image image=&#8220;1272&#8243; img_size=&#8220;1000&#215;550&#8243; onclick=&#8220;custom_link&#8220; link=&#8220;#&#8220;][\/vc_column][vc_column width=&#8220;1\/2&#8243; offset=&#8220;vc_col-lg-4 vc_col-md-6 vc_col-xs-12&#8243; css=&#8220;.vc_custom_1462348233869{padding-top: 0px !important;padding-right: 0px !important;padding-bottom: 0px !important;padding-left: 0px !important;background-color: #f4f4f4 !important;}&#8220;][vc_single_image image=&#8220;1270&#8243; img_size=&#8220;1000&#215;550&#8243; onclick=&#8220;custom_link&#8220; link=&#8220;#&#8220;][\/vc_column][\/vc_row]<\/p>\n","protected":false},"author":5,"featured_media":0,"parent":0,"menu_order":5,"comment_status":"closed","ping_status":"closed","template":"","meta":[],"class_list":["post-1667","page","type-page","status-publish","hentry","description-off"],"_links":{"self":[{"href":"https:\/\/www.dentaltopdeca.es\/de\/wp-json\/wp\/v2\/pages\/1667"}],"collection":[{"href":"https:\/\/www.dentaltopdeca.es\/de\/wp-json\/wp\/v2\/pages"}],"about":[{"href":"https:\/\/www.dentaltopdeca.es\/de\/wp-json\/wp\/v2\/types\/page"}],"author":[{"embeddable":true,"href":"https:\/\/www.dentaltopdeca.es\/de\/wp-json\/wp\/v2\/users\/5"}],"replies":[{"embeddable":true,"href":"https:\/\/www.dentaltopdeca.es\/de\/wp-json\/wp\/v2\/comments?post=1667"}],"version-history":[{"count":6,"href":"https:\/\/www.dentaltopdeca.es\/de\/wp-json\/wp\/v2\/pages\/1667\/revisions"}],"predecessor-version":[{"id":1833,"href":"https:\/\/www.dentaltopdeca.es\/de\/wp-json\/wp\/v2\/pages\/1667\/revisions\/1833"}],"wp:attachment":[{"href":"https:\/\/www.dentaltopdeca.es\/de\/wp-json\/wp\/v2\/media?parent=1667"}],"curies":[{"name":"wp","href":"https:\/\/api.w.org\/{rel}","templated":true}]}}